{"id":22,"date":"2026-02-03T17:04:46","date_gmt":"2026-02-03T14:04:46","guid":{"rendered":"http:\/\/localhost\/resport\/?page_id=22"},"modified":"2026-04-10T09:32:31","modified_gmt":"2026-04-10T06:32:31","slug":"iletisim","status":"publish","type":"page","link":"https:\/\/www.dikiliciftlik.com.tr\/index.php\/iletisim\/","title":{"rendered":"\u0130LET\u0130\u015e\u0130M"},"content":{"rendered":"\t\t<div data-elementor-type=\"wp-page\" data-elementor-id=\"22\" class=\"elementor elementor-22\" data-elementor-post-type=\"page\">\n\t\t\t\t<div class=\"elementor-element elementor-element-cfefb66 e-flex e-con-boxed e-con e-parent\" data-id=\"cfefb66\" data-element_type=\"container\" data-e-type=\"container\" data-settings=\"{&quot;background_background&quot;:&quot;classic&quot;}\">\n\t\t\t\t\t<div class=\"e-con-inner\">\n\t\t<div class=\"elementor-element elementor-element-0e3815b e-con-full e-flex e-con e-child\" data-id=\"0e3815b\" data-element_type=\"container\" data-e-type=\"container\">\n\t\t\t\t<div class=\"elementor-element elementor-element-ca18518 elementor-widget elementor-widget-heading\" data-id=\"ca18518\" data-element_type=\"widget\" data-e-type=\"widget\" data-widget_type=\"heading.default\">\n\t\t\t\t\t<h1 class=\"elementor-heading-title elementor-size-default\"><br>Bize Ula\u015f\u0131n<\/h1>\t\t\t\t<\/div>\n\t\t<div class=\"elementor-element elementor-element-0138ab2 e-con-full e-flex e-con e-child\" data-id=\"0138ab2\" data-element_type=\"container\" data-e-type=\"container\" data-settings=\"{&quot;background_background&quot;:&quot;classic&quot;}\">\n\t\t\t\t<div class=\"elementor-element elementor-element-fe3d3d2 elementor-widget elementor-widget-shortcode\" data-id=\"fe3d3d2\" data-element_type=\"widget\" data-e-type=\"widget\" data-widget_type=\"shortcode.default\">\n\t\t\t\t\t\t\t<div class=\"elementor-shortcode\">\n<div class=\"wpcf7 no-js\" id=\"wpcf7-f840-o1\" lang=\"tr-TR\" dir=\"ltr\" data-wpcf7-id=\"840\">\n<div class=\"screen-reader-response\"><p role=\"status\" aria-live=\"polite\" aria-atomic=\"true\"><\/p> <ul><\/ul><\/div>\n<form action=\"\/index.php\/wp-json\/wp\/v2\/pages\/22#wpcf7-f840-o1\" method=\"post\" class=\"wpcf7-form init\" aria-label=\"\u0130leti\u015fim Formu\" novalidate=\"novalidate\" data-status=\"init\">\n<fieldset class=\"hidden-fields-container\"><input type=\"hidden\" name=\"_wpcf7\" value=\"840\" \/><input type=\"hidden\" name=\"_wpcf7_version\" value=\"6.1.5\" \/><input type=\"hidden\" name=\"_wpcf7_locale\" value=\"tr_TR\" \/><input type=\"hidden\" name=\"_wpcf7_unit_tag\" value=\"wpcf7-f840-o1\" \/><input type=\"hidden\" name=\"_wpcf7_container_post\" value=\"0\" \/><input type=\"hidden\" name=\"_wpcf7_posted_data_hash\" value=\"\" \/>\n<\/fieldset>\n<div class=\"cf7-custom\">\n\t<h2 class=\"title\">Mesaj G\u00f6nderin\n\t<\/h2>\n\t<div class=\"row\">\n\t\t<div class=\"col\">\n\t\t\t<p><label>Ad\u0131n\u0131z & Soyad\u0131n\u0131z<\/label><br \/>\n<span class=\"wpcf7-form-control-wrap\" data-name=\"adiniz\"><input size=\"40\" maxlength=\"400\" class=\"wpcf7-form-control wpcf7-text wpcf7-validates-as-required\" aria-required=\"true\" aria-invalid=\"false\" placeholder=\"Ad\u0131n\u0131z Soyad\u0131n\u0131z\" value=\"\" type=\"text\" name=\"adiniz\" \/><\/span>\n\t\t\t<\/p>\n\t\t<\/div>\n\t\t<div class=\"col\">\n\t\t\t<p><label>Telefon Numaran\u0131z<\/label><br \/>\n<span class=\"wpcf7-form-control-wrap\" data-name=\"telefon\"><input size=\"40\" maxlength=\"400\" class=\"wpcf7-form-control wpcf7-tel wpcf7-text wpcf7-validates-as-tel\" aria-invalid=\"false\" placeholder=\"Telefon Numaran\u0131z\" value=\"\" type=\"tel\" name=\"telefon\" \/><\/span>\n\t\t\t<\/p>\n\t\t<\/div>\n\t<\/div>\n\t<div class=\"full\">\n\t\t<p><label>E-posta Adresiniz<\/label><br \/>\n<span class=\"wpcf7-form-control-wrap\" data-name=\"email\"><input size=\"40\" maxlength=\"400\" class=\"wpcf7-form-control wpcf7-email wpcf7-validates-as-required wpcf7-text wpcf7-validates-as-email\" aria-required=\"true\" aria-invalid=\"false\" placeholder=\"E-posta Adresiniz\" value=\"\" type=\"email\" name=\"email\" \/><\/span>\n\t\t<\/p>\n\t<\/div>\n\t<div class=\"full\">\n\t\t<p><label>Konu<\/label><br \/>\n<span class=\"wpcf7-form-control-wrap\" data-name=\"konu\"><input size=\"40\" maxlength=\"400\" class=\"wpcf7-form-control wpcf7-text\" aria-invalid=\"false\" placeholder=\"Konu\" value=\"\" type=\"text\" name=\"konu\" \/><\/span>\n\t\t<\/p>\n\t<\/div>\n\t<div class=\"full\">\n\t\t<p><label>Mesaj\u0131n\u0131z<\/label><br \/>\n<span class=\"wpcf7-form-control-wrap\" data-name=\"mesaj\"><textarea cols=\"40\" rows=\"10\" maxlength=\"2000\" class=\"wpcf7-form-control wpcf7-textarea wpcf7-validates-as-required\" aria-required=\"true\" aria-invalid=\"false\" placeholder=\"Mesaj\u0131n\u0131z\u0131 yaz\u0131n...\" name=\"mesaj\"><\/textarea><\/span>\n\t\t<\/p>\n\t<\/div>\n\t<div class=\"btn-area\">\n\t\t<p><input class=\"wpcf7-form-control wpcf7-submit has-spinner\" type=\"submit\" value=\"Mesaj G\u00f6nder\" \/>\n\t\t<\/p>\n\t<\/div>\n<\/div><div class=\"wpcf7-response-output\" aria-hidden=\"true\"><\/div>\n<\/form>\n<\/div>\n<\/div>\n\t\t\t\t\t\t<\/div>\n\t\t\t\t<\/div>\n\t\t\t\t<\/div>\n\t\t<div class=\"elementor-element elementor-element-f784f27 e-con-full e-flex e-con e-child\" data-id=\"f784f27\" data-element_type=\"container\" data-e-type=\"container\">\n\t\t\t\t<div class=\"elementor-element elementor-element-b555cb0 elementor-widget-tablet__width-initial elementor-widget elementor-widget-text-editor\" data-id=\"b555cb0\" data-element_type=\"widget\" data-e-type=\"widget\" data-widget_type=\"text-editor.default\">\n\t\t\t\t\t\t\t\t\t<h3 style=\"font-family: 'Montserrat', sans-serif; color: #ffff; font-weight: bold; font-size: 35px; margin: 0 0 50px 0;\">Dikili \u00c7iftlik \u0130leti\u015fim<\/h3>\n\n<h3 style=\"font-family: 'Montserrat', sans-serif; color: #b3d1c2; font-weight: bold; font-size: 15px; margin: 0 0 5px 0;\">TELEFON<\/h3>\n<h3 style=\"font-family: 'Montserrat', sans-serif; color: #ffff; font-weight: 500; font-size: 15px; margin: 0 0 2px 0;\">0 212 613 19 13<\/h3>\n<h3 style=\"font-family: 'Montserrat', sans-serif; color: #ffff; font-weight: 500; font-size: 15px; margin: 0 0 30px 0;\">0 212 613 19 16<\/h3>\n<h3 style=\"font-family: 'Montserrat', sans-serif; color: #b3d1c2; font-weight: bold; font-size: 15px; margin: 0 0 5px 0;\">E-POSTA<\/h3>\n<h3 style=\"font-family: 'Montserrat', sans-serif; color: #ffff; font-weight: 500; font-size: 15px; margin: 0 0 30px 0;\">info@dikiliciftlik.com \/ info2@dikiliciftlik.com<\/h3>\n<h3 style=\"font-family: 'Montserrat', sans-serif; color: #b3d1c2; font-weight: bold; font-size: 15px; margin: 0 0 5px 0;\">ADRES<\/h3>\n<h3 style=\"font-family: 'Montserrat', sans-serif; color: #ffff; font-weight: 500; font-size: 15px; margin: 0 0 30px 0;\">Dikili \u00c7iftlik A.\u015e.\nDefterdar Mah. Otak\u00e7\u0131lar Cad. no:80\/32 Kar \u0130\u015f Merkezi\nEy\u00fcpsultan\/ \u0130STANBUL<\/h3>\n<h3 style=\"font-family: 'Montserrat', sans-serif; color: #b3d1c2; font-weight: bold; font-size: 15px; margin: 0 0 5px 0;\">\u0130\u015eLETME<\/h3>\n<h3 style=\"font-family: 'Montserrat', sans-serif; color: #ffff; font-weight: 500; font-size: 15px; margin: 0 0 2px 0;\">0 212 613 19 13<\/h3>\n<h3 style=\"font-family: 'Montserrat', sans-serif; color: #ffff; font-weight: 500; font-size: 15px; margin: 0 0 30px 0;\">Dikili \u00c7andarl\u0131 Yolu 19. Km Delikta\u015f K\u00f6y\u00fc Kar\u015f\u0131s\u0131\n35980 Dikili \u0130zmir\nTel: 0530 265 78 73<\/h3>\t\t\t\t\t\t\t\t<\/div>\n\t\t\t\t<\/div>\n\t\t<div class=\"elementor-element elementor-element-bc345ff e-con-full e-flex e-con e-child\" data-id=\"bc345ff\" data-element_type=\"container\" data-e-type=\"container\">\n\t\t\t\t<div class=\"elementor-element elementor-element-9fc892c elementor-widget-divider--view-line elementor-widget elementor-widget-divider\" data-id=\"9fc892c\" data-element_type=\"widget\" data-e-type=\"widget\" data-widget_type=\"divider.default\">\n\t\t\t\t\t\t\t<div class=\"elementor-divider\">\n\t\t\t<span class=\"elementor-divider-separator\">\n\t\t\t\t\t\t<\/span>\n\t\t<\/div>\n\t\t\t\t\t\t<\/div>\n\t\t\t\t<\/div>\n\t\t\t\t\t<\/div>\n\t\t\t\t<\/div>\n\t\t<div class=\"elementor-element elementor-element-1ef6300 e-con-full e-flex e-con e-parent\" data-id=\"1ef6300\" data-element_type=\"container\" data-e-type=\"container\" data-settings=\"{&quot;background_background&quot;:&quot;classic&quot;}\">\n\t\t\t\t<div class=\"elementor-element elementor-element-63c5352 elementor-widget__width-inherit elementor-widget elementor-widget-google_maps\" data-id=\"63c5352\" data-element_type=\"widget\" data-e-type=\"widget\" data-widget_type=\"google_maps.default\">\n\t\t\t\t\t\t\t<div class=\"elementor-custom-embed\">\n\t\t\t<iframe loading=\"lazy\"\n\t\t\t\t\tsrc=\"https:\/\/maps.google.com\/maps?q=Dikili%20%C3%87iftlik%20Anonim%20%C5%9Eirketi%2C%20Dikili%2C%20%C3%87andarl%C4%B1%20Yolu%2019.%20Km%2C%20Kar%C5%9F%C4%B1s%C4%B1%2C%2035985%20Dikili%2F%C4%B0zmir&#038;t=m&#038;z=15&#038;output=embed&#038;iwloc=near\"\n\t\t\t\t\ttitle=\"Dikili \u00c7iftlik Anonim \u015eirketi, Dikili, \u00c7andarl\u0131 Yolu 19. Km, Kar\u015f\u0131s\u0131, 35985 Dikili\/\u0130zmir\"\n\t\t\t\t\taria-label=\"Dikili \u00c7iftlik Anonim \u015eirketi, Dikili, \u00c7andarl\u0131 Yolu 19. Km, Kar\u015f\u0131s\u0131, 35985 Dikili\/\u0130zmir\"\n\t\t\t><\/iframe>\n\t\t<\/div>\n\t\t\t\t\t\t<\/div>\n\t\t\t\t<\/div>\n\t\t\t\t<\/div>\n\t\t","protected":false},"excerpt":{"rendered":"<p>Bize Ula\u015f\u0131n Dikili \u00c7iftlik \u0130leti\u015fim TELEFON 0 212 613 19 13 0 212 613 19 16 E-POSTA info@dikiliciftlik.com \/ info2@dikiliciftlik.com ADRES Dikili \u00c7iftlik A.\u015e. Defterdar Mah. Otak\u00e7\u0131lar Cad. no:80\/32 Kar \u0130\u015f Merkezi Ey\u00fcpsultan\/ \u0130STANBUL \u0130\u015eLETME 0 212 613 19 13 Dikili \u00c7andarl\u0131 Yolu 19. Km Delikta\u015f K\u00f6y\u00fc Kar\u015f\u0131s\u0131 35980 Dikili \u0130zmir Tel: 0530 265 78 [&hellip;]<\/p>\n","protected":false},"author":1,"featured_media":0,"parent":0,"menu_order":0,"comment_status":"closed","ping_status":"closed","template":"elementor_header_footer","meta":{"_acf_changed":false,"footnotes":""},"class_list":["post-22","page","type-page","status-publish","hentry"],"acf":[],"_links":{"self":[{"href":"https:\/\/www.dikiliciftlik.com.tr\/index.php\/wp-json\/wp\/v2\/pages\/22","targetHints":{"allow":["GET"]}}],"collection":[{"href":"https:\/\/www.dikiliciftlik.com.tr\/index.php\/wp-json\/wp\/v2\/pages"}],"about":[{"href":"https:\/\/www.dikiliciftlik.com.tr\/index.php\/wp-json\/wp\/v2\/types\/page"}],"author":[{"embeddable":true,"href":"https:\/\/www.dikiliciftlik.com.tr\/index.php\/wp-json\/wp\/v2\/users\/1"}],"replies":[{"embeddable":true,"href":"https:\/\/www.dikiliciftlik.com.tr\/index.php\/wp-json\/wp\/v2\/comments?post=22"}],"version-history":[{"count":46,"href":"https:\/\/www.dikiliciftlik.com.tr\/index.php\/wp-json\/wp\/v2\/pages\/22\/revisions"}],"predecessor-version":[{"id":852,"href":"https:\/\/www.dikiliciftlik.com.tr\/index.php\/wp-json\/wp\/v2\/pages\/22\/revisions\/852"}],"wp:attachment":[{"href":"https:\/\/www.dikiliciftlik.com.tr\/index.php\/wp-json\/wp\/v2\/media?parent=22"}],"curies":[{"name":"wp","href":"https:\/\/api.w.org\/{rel}","templated":true}]}}